{"id":62436,"date":"2024-01-15T10:09:58","date_gmt":"2024-01-15T09:09:58","guid":{"rendered":"https:\/\/javanabytok.sk\/?page_id=62436"},"modified":"2024-01-15T10:20:19","modified_gmt":"2024-01-15T09:20:19","slug":"lego-stol-roboticka-hra-lego-fll-competition-table","status":"publish","type":"page","link":"https:\/\/javanabytok.sk\/?page_id=62436","title":{"rendered":"LEGO St\u00f4l &#8211; Robotick\u00e1 hra (LEGO\u00ae FLL Competition Table)"},"content":{"rendered":"<p>[et_pb_section fb_built=&#8221;1&#8243; _builder_version=&#8221;4.21.0&#8243; _module_preset=&#8221;default&#8221; background_color=&#8221;gcid-67960745-cc0c-4d73-b86b-ef2d6023be78&#8243; custom_padding=&#8221;50px|||||&#8221; global_colors_info=&#8221;{%22gcid-67960745-cc0c-4d73-b86b-ef2d6023be78%22:%91%22background_color%22%93}&#8221;][et_pb_row _builder_version=&#8221;4.21.0&#8243; _module_preset=&#8221;default&#8221; custom_padding=&#8221;||5px|||&#8221; global_colors_info=&#8221;{}&#8221;][et_pb_column type=&#8221;4_4&#8243; _builder_version=&#8221;4.21.0&#8243; _module_preset=&#8221;default&#8221; global_colors_info=&#8221;{}&#8221;][et_pb_text _builder_version=&#8221;4.21.0&#8243; _module_preset=&#8221;default&#8221; header_font=&#8221;Questrial||||||||&#8221; header_text_color=&#8221;#323232&#8243; header_font_size=&#8221;40px&#8221; global_colors_info=&#8221;{}&#8221;]<\/p>\n<h1><strong>LEGO St\u00f4l &#8211; Robotick\u00e1 hra (LEGO<\/strong>\u00ae <strong>FLL Competition Table)<\/strong><\/h1>\n<p>[\/et_pb_text][\/et_pb_column][\/et_pb_row][et_pb_row _builder_version=&#8221;4.21.0&#8243; _module_preset=&#8221;default&#8221; custom_padding=&#8221;18px||4px|||&#8221; global_colors_info=&#8221;{}&#8221;][et_pb_column type=&#8221;4_4&#8243; _builder_version=&#8221;4.21.0&#8243; _module_preset=&#8221;default&#8221; global_colors_info=&#8221;{}&#8221;][et_pb_text _builder_version=&#8221;4.21.0&#8243; _module_preset=&#8221;default&#8221; text_font=&#8221;Questrial||||||||&#8221; text_text_color=&#8221;#000000&#8243; text_font_size=&#8221;17px&#8221; global_colors_info=&#8221;{}&#8221;]<\/p>\n<p style=\"text-align: justify;\">Robotick\u00e1 hra (Robot Game) sa odohr\u00e1va na \u0161peci\u00e1lne navrhnutom stole, tak\u017ee ak k nemu e\u0161te nem\u00e1te pr\u00edstup, budete si ho musie\u0165 postavi\u0165, na ktorom budete tr\u00e9nova\u0165. S oh\u013eadom na bezpe\u010dnos\u0165, hmotnos\u0165, v\u00fd\u0161ku a n\u00e1klady je tu pon\u00fakan\u00fd jednoduch\u00fd dizajn, ale pokia\u013e je v\u00e1\u0161 povrch hladk\u00fd a hrani\u010dn\u00e9 steny s\u00fa spr\u00e1vne dimenzovan\u00e9 a umiestnen\u00e9, je len na v\u00e1s, ako postav\u00edte spodn\u00fa kon\u0161trukciu. Kon\u0161trukcia je jednoduch\u00e1, ale vy\u017eaduje ur\u010dit\u00e9 zru\u010dnosti pri pr\u00e1ci s drevom.<\/p>\n<p>[\/et_pb_text][\/et_pb_column][\/et_pb_row][et_pb_row _builder_version=&#8221;4.21.0&#8243; _module_preset=&#8221;default&#8221; global_colors_info=&#8221;{}&#8221;][et_pb_column type=&#8221;4_4&#8243; _builder_version=&#8221;4.21.0&#8243; _module_preset=&#8221;default&#8221; global_colors_info=&#8221;{}&#8221;][et_pb_gallery gallery_ids=&#8221;62434,62433,62435,62445,62444,62443&#8243; fullwidth=&#8221;on&#8221; _builder_version=&#8221;4.21.0&#8243; _module_preset=&#8221;default&#8221; hover_enabled=&#8221;0&#8243; global_colors_info=&#8221;{}&#8221; sticky_enabled=&#8221;0&#8243;][\/et_pb_gallery][\/et_pb_column][\/et_pb_row][\/et_pb_section]<\/p>\n","protected":false},"excerpt":{"rendered":"<p>LEGO St\u00f4l &#8211; Robotick\u00e1 hra (LEGO\u00ae FLL Competition Table)Robotick\u00e1 hra (Robot Game) sa odohr\u00e1va na \u0161peci\u00e1lne navrhnutom stole, tak\u017ee ak k nemu e\u0161te nem\u00e1te pr\u00edstup, budete si ho musie\u0165 postavi\u0165, na ktorom budete tr\u00e9nova\u0165. S oh\u013eadom na bezpe\u010dnos\u0165, hmotnos\u0165, v\u00fd\u0161ku a n\u00e1klady je tu pon\u00fakan\u00fd jednoduch\u00fd dizajn, ale pokia\u013e je v\u00e1\u0161 povrch hladk\u00fd a hrani\u010dn\u00e9 [&hellip;]<\/p>\n","protected":false},"author":1,"featured_media":0,"parent":0,"menu_order":0,"comment_status":"closed","ping_status":"closed","template":"","meta":{"_et_pb_use_builder":"on","_et_pb_old_content":"","_et_gb_content_width":"","footnotes":""},"folder":[],"class_list":["post-62436","page","type-page","status-publish","hentry"],"_links":{"self":[{"href":"https:\/\/javanabytok.sk\/index.php?rest_route=\/wp\/v2\/pages\/62436","targetHints":{"allow":["GET"]}}],"collection":[{"href":"https:\/\/javanabytok.sk\/index.php?rest_route=\/wp\/v2\/pages"}],"about":[{"href":"https:\/\/javanabytok.sk\/index.php?rest_route=\/wp\/v2\/types\/page"}],"author":[{"embeddable":true,"href":"https:\/\/javanabytok.sk\/index.php?rest_route=\/wp\/v2\/users\/1"}],"replies":[{"embeddable":true,"href":"https:\/\/javanabytok.sk\/index.php?rest_route=%2Fwp%2Fv2%2Fcomments&post=62436"}],"version-history":[{"count":5,"href":"https:\/\/javanabytok.sk\/index.php?rest_route=\/wp\/v2\/pages\/62436\/revisions"}],"predecessor-version":[{"id":62446,"href":"https:\/\/javanabytok.sk\/index.php?rest_route=\/wp\/v2\/pages\/62436\/revisions\/62446"}],"wp:attachment":[{"href":"https:\/\/javanabytok.sk\/index.php?rest_route=%2Fwp%2Fv2%2Fmedia&parent=62436"}],"wp:term":[{"taxonomy":"folder","embeddable":true,"href":"https:\/\/javanabytok.sk\/index.php?rest_route=%2Fwp%2Fv2%2Ffolder&post=62436"}],"curies":[{"name":"wp","href":"https:\/\/api.w.org\/{rel}","templated":true}]}}