{"id":166,"date":"2023-06-21T08:53:06","date_gmt":"2023-06-21T06:53:06","guid":{"rendered":"https:\/\/javanabytok.sk\/?page_id=166"},"modified":"2023-06-21T09:04:24","modified_gmt":"2023-06-21T07:04:24","slug":"referencie","status":"publish","type":"page","link":"https:\/\/javanabytok.sk\/?page_id=166","title":{"rendered":"Referencie"},"content":{"rendered":"<p>[et_pb_section fb_built=&#8221;1&#8243; _builder_version=&#8221;4.21.0&#8243; _module_preset=&#8221;default&#8221; background_color=&#8221;gcid-67960745-cc0c-4d73-b86b-ef2d6023be78&#8243; global_colors_info=&#8221;{%22gcid-67960745-cc0c-4d73-b86b-ef2d6023be78%22:%91%22background_color%22%93}&#8221;][et_pb_row _builder_version=&#8221;4.21.0&#8243; _module_preset=&#8221;default&#8221; global_colors_info=&#8221;{}&#8221; column_structure=&#8221;1_3,2_3&#8243;][et_pb_column type=&#8221;1_3&#8243; _builder_version=&#8221;4.21.0&#8243; _module_preset=&#8221;default&#8221; global_colors_info=&#8221;{}&#8221;][et_pb_text _builder_version=&#8221;4.21.0&#8243; _module_preset=&#8221;default&#8221; theme_builder_area=&#8221;post_content&#8221; max_width=&#8221;1080%&#8221; hover_enabled=&#8221;0&#8243; sticky_enabled=&#8221;0&#8243; text_text_color=&#8221;#000000&#8243; text_font_size=&#8221;16px&#8221;]<\/p>\n<p>AUTOSTYL, s.r.o. &#8211; Michalovce<br \/>INGEMA s.r.o. &#8211; Michalovce<br \/>N\u00e1rodn\u00fd \u00farad pr\u00e1ce Michalovce<br \/>\u0160OK TEAM<br \/>KERIMAX<br \/>Automatizovan\u00e9 syst\u00e9my &#8211; \u0160tefan Jeremi\u00e1\u0161 &#8211; Michalovce<br \/>Penzi\u00f3n FAMILI<br \/>Stredn\u00e1 zdravotn\u00edcka \u0161kola Michalovce<br \/>BREZA STAVOTRANS spol. s. r. o.<br \/>HANCE CRIMP TECHNIK<br \/>Vybavenie kancel\u00e1rie<br \/>SYR\u00c1RE\u0147 BEL SLOVENSKO, a.s.<br \/>KEREX, s.r.o.<br \/>Vybavenie laborat\u00f3rnych priestorov<br \/>Vybavenie kancel\u00e1rie<br \/>Vybavenie reprezenta\u010dnej miestnosti<\/p>\n<p>[\/et_pb_text][\/et_pb_column][et_pb_column type=&#8221;2_3&#8243; _builder_version=&#8221;4.21.0&#8243; _module_preset=&#8221;default&#8221; global_colors_info=&#8221;{}&#8221;][et_pb_gallery gallery_ids=&#8221;89,91,88,79,83,65,64,59,48,30,33&#8243; posts_number=&#8221;6&#8243; show_title_and_caption=&#8221;off&#8221; _builder_version=&#8221;4.21.0&#8243; _module_preset=&#8221;default&#8221; background_color=&#8221;gcid-67960745-cc0c-4d73-b86b-ef2d6023be78&#8243; hover_enabled=&#8221;0&#8243; global_colors_info=&#8221;{%22gcid-67960745-cc0c-4d73-b86b-ef2d6023be78%22:%91%22background_color%22%93}&#8221; sticky_enabled=&#8221;0&#8243; pagination_text_color=&#8221;#000000&#8243; pagination_font_size=&#8221;18px&#8221; pagination_font=&#8221;||||||||&#8221;][\/et_pb_gallery][\/et_pb_column][\/et_pb_row][\/et_pb_section]<\/p>\n","protected":false},"excerpt":{"rendered":"<p>AUTOSTYL, s.r.o. &#8211; MichalovceINGEMA s.r.o. &#8211; MichalovceN\u00e1rodn\u00fd \u00farad pr\u00e1ce Michalovce\u0160OK TEAMKERIMAXAutomatizovan\u00e9 syst\u00e9my &#8211; \u0160tefan Jeremi\u00e1\u0161 &#8211; MichalovcePenzi\u00f3n FAMILIStredn\u00e1 zdravotn\u00edcka \u0161kola MichalovceBREZA STAVOTRANS spol. s. r. o.HANCE CRIMP TECHNIKVybavenie kancel\u00e1rieSYR\u00c1RE\u0147 BEL SLOVENSKO, a.s.KEREX, s.r.o.Vybavenie laborat\u00f3rnych priestorovVybavenie kancel\u00e1rieVybavenie reprezenta\u010dnej miestnosti<\/p>\n","protected":false},"author":1,"featured_media":0,"parent":0,"menu_order":0,"comment_status":"closed","ping_status":"closed","template":"","meta":{"_et_pb_use_builder":"on","_et_pb_old_content":"","_et_gb_content_width":"","footnotes":""},"folder":[],"class_list":["post-166","page","type-page","status-publish","hentry"],"_links":{"self":[{"href":"https:\/\/javanabytok.sk\/index.php?rest_route=\/wp\/v2\/pages\/166","targetHints":{"allow":["GET"]}}],"collection":[{"href":"https:\/\/javanabytok.sk\/index.php?rest_route=\/wp\/v2\/pages"}],"about":[{"href":"https:\/\/javanabytok.sk\/index.php?rest_route=\/wp\/v2\/types\/page"}],"author":[{"embeddable":true,"href":"https:\/\/javanabytok.sk\/index.php?rest_route=\/wp\/v2\/users\/1"}],"replies":[{"embeddable":true,"href":"https:\/\/javanabytok.sk\/index.php?rest_route=%2Fwp%2Fv2%2Fcomments&post=166"}],"version-history":[{"count":3,"href":"https:\/\/javanabytok.sk\/index.php?rest_route=\/wp\/v2\/pages\/166\/revisions"}],"predecessor-version":[{"id":180,"href":"https:\/\/javanabytok.sk\/index.php?rest_route=\/wp\/v2\/pages\/166\/revisions\/180"}],"wp:attachment":[{"href":"https:\/\/javanabytok.sk\/index.php?rest_route=%2Fwp%2Fv2%2Fmedia&parent=166"}],"wp:term":[{"taxonomy":"folder","embeddable":true,"href":"https:\/\/javanabytok.sk\/index.php?rest_route=%2Fwp%2Fv2%2Ffolder&post=166"}],"curies":[{"name":"wp","href":"https:\/\/api.w.org\/{rel}","templated":true}]}}